{"id":47,"date":"2024-01-27T18:46:04","date_gmt":"2024-01-27T17:46:04","guid":{"rendered":"https:\/\/www.drk-bad-hoenningen.de\/?page_id=47"},"modified":"2025-11-16T17:19:33","modified_gmt":"2025-11-16T16:19:33","slug":"bereitschaft","status":"publish","type":"page","link":"https:\/\/www.drk-bad-hoenningen.de\/?page_id=47","title":{"rendered":"Bereitschaft"},"content":{"rendered":"<nav class=\"is-responsive items-justified-center wp-block-navigation is-content-justification-center is-layout-flex wp-container-core-navigation-is-layout-16018d1d wp-block-navigation-is-layout-flex\" aria-label=\"Navigationsleiste\" \n\t\t data-wp-interactive=\"core\/navigation\" data-wp-context='{\"overlayOpenedBy\":{\"click\":false,\"hover\":false,\"focus\":false},\"type\":\"overlay\",\"roleAttribute\":\"\",\"ariaLabel\":\"Men\\u00fc\"}'><button aria-haspopup=\"dialog\" aria-label=\"Men\u00fc \u00f6ffnen\" class=\"wp-block-navigation__responsive-container-open\" \n\t\t\t\tdata-wp-on--click=\"actions.openMenuOnClick\"\n\t\t\t\tdata-wp-on--keydown=\"actions.handleMenuKeydown\"\n\t\t\t><svg width=\"24\" height=\"24\" xmlns=\"http:\/\/www.w3.org\/2000\/svg\" viewBox=\"0 0 24 24\" aria-hidden=\"true\" focusable=\"false\"><path d=\"M4 7.5h16v1.5H4z\"><\/path><path d=\"M4 15h16v1.5H4z\"><\/path><\/svg><\/button>\n\t\t\t\t<div class=\"wp-block-navigation__responsive-container\"  id=\"modal-1\" \n\t\t\t\tdata-wp-class--has-modal-open=\"state.isMenuOpen\"\n\t\t\t\tdata-wp-class--is-menu-open=\"state.isMenuOpen\"\n\t\t\t\tdata-wp-watch=\"callbacks.initMenu\"\n\t\t\t\tdata-wp-on--keydown=\"actions.handleMenuKeydown\"\n\t\t\t\tdata-wp-on--focusout=\"actions.handleMenuFocusout\"\n\t\t\t\ttabindex=\"-1\"\n\t\t\t>\n\t\t\t\t\t<div class=\"wp-block-navigation__responsive-close\" tabindex=\"-1\">\n\t\t\t\t\t\t<div class=\"wp-block-navigation__responsive-dialog\" \n\t\t\t\tdata-wp-bind--aria-modal=\"state.ariaModal\"\n\t\t\t\tdata-wp-bind--aria-label=\"state.ariaLabel\"\n\t\t\t\tdata-wp-bind--role=\"state.roleAttribute\"\n\t\t\t>\n\t\t\t\t\t\t\t<button aria-label=\"Men\u00fc schlie\u00dfen\" class=\"wp-block-navigation__responsive-container-close\" \n\t\t\t\tdata-wp-on--click=\"actions.closeMenuOnClick\"\n\t\t\t><svg xmlns=\"http:\/\/www.w3.org\/2000\/svg\" viewBox=\"0 0 24 24\" width=\"24\" height=\"24\" aria-hidden=\"true\" focusable=\"false\"><path d=\"m13.06 12 6.47-6.47-1.06-1.06L12 10.94 5.53 4.47 4.47 5.53 10.94 12l-6.47 6.47 1.06 1.06L12 13.06l6.47 6.47 1.06-1.06L13.06 12Z\"><\/path><\/svg><\/button>\n\t\t\t\t\t\t\t<div class=\"wp-block-navigation__responsive-container-content\" \n\t\t\t\tdata-wp-watch=\"callbacks.focusFirstElement\"\n\t\t\t id=\"modal-1-content\">\n\t\t\t\t\t\t\t\t\n<div class=\"wp-block-buttons is-layout-flex wp-block-buttons-is-layout-flex\">\n<div class=\"wp-block-button\"><a class=\"wp-block-button__link wp-element-button\" href=\"https:\/\/www.drk-bad-hoenningen.de\/\" title=\"\">Startseite<\/a><\/div>\n\n\n\n<div class=\"wp-block-button\"><a class=\"wp-block-button__link wp-element-button\" href=\"https:\/\/www.drk-bad-hoenningen.de\/?page_id=280\">Aktuelles<\/a><\/div>\n\n\n\n<div class=\"wp-block-button\"><a class=\"wp-block-button__link wp-element-button\" href=\"https:\/\/www.drk-bad-hoenningen.de\/?page_id=25\">Blutspende<\/a><\/div>\n\n\n\n<div class=\"wp-block-button\"><a class=\"wp-block-button__link wp-element-button\" href=\"https:\/\/www.drk-bad-hoenningen.de\/?page_id=243\">Vorstand<\/a><\/div>\n\n\n\n<div class=\"wp-block-button\"><a class=\"wp-block-button__link wp-element-button\" href=\"https:\/\/www.drk-bad-hoenningen.de\/?page_id=48\">Kleiderkammer<\/a><\/div>\n\n\n\n<div class=\"wp-block-button\"><a class=\"wp-block-button__link wp-element-button\" href=\"https:\/\/www.drk-bad-hoenningen.de\/?page_id=47\">Bereitschaft<\/a><\/div>\n<\/div>\n\n\t\t\t\t\t\t\t<\/div>\n\t\t\t\t\t\t<\/div>\n\t\t\t\t\t<\/div>\n\t\t\t\t<\/div><\/nav>\n\n\n<p><\/p>\n\n\n\n<p><\/p>\n\n\n\n<figure class=\"wp-block-gallery has-nested-images columns-default is-cropped wp-block-gallery-2 is-layout-flex wp-block-gallery-is-layout-flex\">\n<figure class=\"wp-block-image size-large\"><img loading=\"lazy\" decoding=\"async\" width=\"1024\" height=\"576\" data-id=\"154\" src=\"https:\/\/www.drk-bad-hoenningen.de\/wp-content\/uploads\/2025\/01\/IMG-20250113-WA0013-1024x576.jpg\" alt=\"\" class=\"wp-image-154\" srcset=\"https:\/\/www.drk-bad-hoenningen.de\/wp-content\/uploads\/2025\/01\/IMG-20250113-WA0013-1024x576.jpg 1024w, https:\/\/www.drk-bad-hoenningen.de\/wp-content\/uploads\/2025\/01\/IMG-20250113-WA0013-300x169.jpg 300w, https:\/\/www.drk-bad-hoenningen.de\/wp-content\/uploads\/2025\/01\/IMG-20250113-WA0013-768x432.jpg 768w, https:\/\/www.drk-bad-hoenningen.de\/wp-content\/uploads\/2025\/01\/IMG-20250113-WA0013-1536x864.jpg 1536w, https:\/\/www.drk-bad-hoenningen.de\/wp-content\/uploads\/2025\/01\/IMG-20250113-WA0013.jpg 1600w\" sizes=\"auto, (max-width: 1024px) 100vw, 1024px\" \/><\/figure>\n<\/figure>\n\n\n\n<p>Die Bereitschaft des DRK OV VG Bad H\u00f6nningen mit dem Bereitschaftsleitern Nadine H\u00f6hl und Bryan Muscolino<\/p>\n\n\n\n<p><\/p>\n\n\n\n<h2 class=\"wp-block-heading has-text-align-center\">Bereitschaftsleitung<\/h2>\n\n\n\n<div class=\"wp-block-group\"><div class=\"wp-block-group__inner-container is-layout-constrained wp-block-group-is-layout-constrained\">\n<div class=\"wp-block-columns is-layout-flex wp-container-core-columns-is-layout-9d6595d7 wp-block-columns-is-layout-flex\">\n<div class=\"wp-block-column is-vertically-aligned-center is-layout-flow wp-block-column-is-layout-flow\">\n<h3 class=\"wp-block-heading has-text-align-center\"><mark style=\"background-color:rgba(0, 0, 0, 0)\" class=\"has-inline-color has-accent-color\">Nadine H\u00f6hl<\/mark><\/h3>\n\n\n\n<figure class=\"wp-block-image size-full is-resized\"><img loading=\"lazy\" decoding=\"async\" width=\"1259\" height=\"1822\" src=\"https:\/\/www.drk-bad-hoenningen.de\/wp-content\/uploads\/2025\/11\/IMG-20251116-WA0002.jpg\" alt=\"\" class=\"wp-image-385\" style=\"width:247px;height:auto\" srcset=\"https:\/\/www.drk-bad-hoenningen.de\/wp-content\/uploads\/2025\/11\/IMG-20251116-WA0002.jpg 1259w, https:\/\/www.drk-bad-hoenningen.de\/wp-content\/uploads\/2025\/11\/IMG-20251116-WA0002-207x300.jpg 207w, https:\/\/www.drk-bad-hoenningen.de\/wp-content\/uploads\/2025\/11\/IMG-20251116-WA0002-708x1024.jpg 708w, https:\/\/www.drk-bad-hoenningen.de\/wp-content\/uploads\/2025\/11\/IMG-20251116-WA0002-768x1111.jpg 768w, https:\/\/www.drk-bad-hoenningen.de\/wp-content\/uploads\/2025\/11\/IMG-20251116-WA0002-1061x1536.jpg 1061w\" sizes=\"auto, (max-width: 1259px) 100vw, 1259px\" \/><\/figure>\n<\/div>\n\n\n\n<div class=\"wp-block-column is-vertically-aligned-center is-layout-flow wp-block-column-is-layout-flow\">\n<pre class=\"wp-block-verse has-text-align-center\"><br>Friedhofsweg 6<br>53557 Bad H\u00f6nningen<br><br>0177-7823810<br>0157-35258823<br><br><a href=\"mailto:bereitschaftsleitung@drk-bad-hoenningen.de\">bereitschaftsleitung@drk-bad-hoenningen.de<\/a><\/pre>\n<\/div>\n\n\n\n<div class=\"wp-block-column is-vertically-aligned-center is-layout-flow wp-block-column-is-layout-flow\">\n<h3 class=\"wp-block-heading has-text-align-center\"><mark style=\"background-color:rgba(0, 0, 0, 0)\" class=\"has-inline-color has-accent-color\">Bryan Muscolino<\/mark><\/h3>\n\n\n\n<figure class=\"wp-block-image size-full is-resized\"><img loading=\"lazy\" decoding=\"async\" width=\"663\" height=\"869\" src=\"https:\/\/www.drk-bad-hoenningen.de\/wp-content\/uploads\/2025\/01\/IMG-20250113-WA0011-5.jpg\" alt=\"\" class=\"wp-image-173\" style=\"width:262px;height:auto\" srcset=\"https:\/\/www.drk-bad-hoenningen.de\/wp-content\/uploads\/2025\/01\/IMG-20250113-WA0011-5.jpg 663w, https:\/\/www.drk-bad-hoenningen.de\/wp-content\/uploads\/2025\/01\/IMG-20250113-WA0011-5-229x300.jpg 229w\" sizes=\"auto, (max-width: 663px) 100vw, 663px\" \/><\/figure>\n<\/div>\n<\/div>\n<\/div><\/div>\n\n\n\n<p><\/p>\n\n\n\n<h2 class=\"wp-block-heading has-text-align-center\">Sanit\u00e4tsdienste<\/h2>\n\n\n\n<p>Rockkonzert, Fu\u00dfballspiel, Karnevalsumzug oder Stra\u00dfenfest: Wo viele Menschen aufeinander treffen, gibt es zahlreiche kleine und gr\u00f6\u00dfere Notf\u00e4lle. Ob ein Kind sich das Knie aufsch\u00fcrft, ein begeisterter Fan ohnm\u00e4chtig wird oder einem L\u00e4ufer beim Marathon die Luft ausgeht \u2013 der Sanit\u00e4tsdienst des Deutschen Roten Kreuzes leistet schnelle Hilfe.<\/p>\n\n\n\n<p>Die ehrenamtlichen Helfer des Sanit\u00e4tsdienstes sorgen f\u00fcr die schnelle und kompetente Versorgung bei Verletzungen und Erkrankungen. Falls notwendig, koordinieren sie auch den Transport ins Krankenhaus. Die freiwilligen Helfer werden sorgf\u00e4ltig ausgebildet und werden f\u00fcr ihre Eins\u00e4tze angemessen ausger\u00fcstet.<\/p>\n\n\n\n<p>Durch die regelm\u00e4\u00dfigen Eins\u00e4tze sind die DRK-Sanit\u00e4ter erfahren und einsatzerprobt. Kommt es zu einem Massenanfall von Verletzten, beispielsweise nach einer Explosion oder einem Zugungl\u00fcck, unterst\u00fctzt der Sanit\u00e4tsdienst den Rettungsdienst des Deutschen Roten Kreuzes. Die Sanit\u00e4ter haben deshalb eine wichtige Funktion in der DRK-Katastrophenvorsorge.<\/p>\n\n\n\n<p><strong>Wie kann ein Sanit\u00e4tswachdienst gebucht werden?<\/strong><\/p>\n\n\n\n<p>Da der Sanit\u00e4tsdienst von ehrenamtlichen Einsatzkr\u00e4ften durchgef\u00fchrt wird, ben\u00f6tigen wir eine gewisse Vorlaufzeit f\u00fcr unsere Planungen. Fordern Sie den Sanit\u00e4tsdienst deshalb am besten so fr\u00fch wie m\u00f6glich an &#8211; etwa vier bis sechs Wochen vor Veranstaltungsbeginn. Rufen Sie uns an, schreiben Sie eine E-Mail, um den Sanit\u00e4tsdienst anzufordern.<\/p>\n\n\n\n<p><strong>Was kostet Sie als Veranstalter ein Sanit\u00e4tswachdienst?<\/strong><\/p>\n\n\n\n<p>Unser DRK-Ortsverein wird nicht durch \u00f6ffentliche Gelder finanziert. Die Kosten unserer Dienstleistungen m\u00fcssen wir also vollst\u00e4ndig aus eigenen Mitteln decken. Bitte haben Sie deshalb Verst\u00e4ndnis, dass wir die Kosten an Sie als Veranstalter weitergeben.&nbsp; Mit Ihrer Finanziellen Unterst\u00fctzung helfen Sie uns, auch weiterhin eine professionelle Erste Hilfe und Versorgung zu gew\u00e4hrleisten.&#8220;<\/p>\n","protected":false},"excerpt":{"rendered":"<p>Die Bereitschaft des DRK OV VG Bad H\u00f6nningen mit dem Bereitschaftsleitern Nadine H\u00f6hl und Bryan Muscolino Bereitschaftsleitung Nadine H\u00f6hl Friedhofsweg 653557 Bad H\u00f6nningen0177-78238100157-35258823bereitschaftsleitung@drk-bad-hoenningen.de Bryan Muscolino Sanit\u00e4tsdienste Rockkonzert, Fu\u00dfballspiel, Karnevalsumzug oder Stra\u00dfenfest: Wo viele Menschen aufeinander treffen, gibt es zahlreiche kleine und gr\u00f6\u00dfere Notf\u00e4lle. Ob ein Kind sich das Knie aufsch\u00fcrft, ein begeisterter Fan ohnm\u00e4chtig wird &hellip; <a href=\"https:\/\/www.drk-bad-hoenningen.de\/?page_id=47\">Continued<\/a><\/p>\n","protected":false},"author":1,"featured_media":0,"parent":0,"menu_order":0,"comment_status":"closed","ping_status":"closed","template":"","meta":{"footnotes":""},"class_list":["post-47","page","type-page","status-publish","hentry"],"_links":{"self":[{"href":"https:\/\/www.drk-bad-hoenningen.de\/index.php?rest_route=\/wp\/v2\/pages\/47","targetHints":{"allow":["GET"]}}],"collection":[{"href":"https:\/\/www.drk-bad-hoenningen.de\/index.php?rest_route=\/wp\/v2\/pages"}],"about":[{"href":"https:\/\/www.drk-bad-hoenningen.de\/index.php?rest_route=\/wp\/v2\/types\/page"}],"author":[{"embeddable":true,"href":"https:\/\/www.drk-bad-hoenningen.de\/index.php?rest_route=\/wp\/v2\/users\/1"}],"replies":[{"embeddable":true,"href":"https:\/\/www.drk-bad-hoenningen.de\/index.php?rest_route=%2Fwp%2Fv2%2Fcomments&post=47"}],"version-history":[{"count":69,"href":"https:\/\/www.drk-bad-hoenningen.de\/index.php?rest_route=\/wp\/v2\/pages\/47\/revisions"}],"predecessor-version":[{"id":387,"href":"https:\/\/www.drk-bad-hoenningen.de\/index.php?rest_route=\/wp\/v2\/pages\/47\/revisions\/387"}],"wp:attachment":[{"href":"https:\/\/www.drk-bad-hoenningen.de\/index.php?rest_route=%2Fwp%2Fv2%2Fmedia&parent=47"}],"curies":[{"name":"wp","href":"https:\/\/api.w.org\/{rel}","templated":true}]}}