{"id":48,"date":"2024-01-27T18:46:04","date_gmt":"2024-01-27T17:46:04","guid":{"rendered":"https:\/\/www.drk-bad-hoenningen.de\/?page_id=48"},"modified":"2025-03-16T20:51:22","modified_gmt":"2025-03-16T19:51:22","slug":"kleiderkammer","status":"publish","type":"page","link":"https:\/\/www.drk-bad-hoenningen.de\/?page_id=48","title":{"rendered":"Kleiderkammer"},"content":{"rendered":"\n<p><\/p>\n\n\n<nav class=\"is-responsive items-justified-space-between wp-block-navigation is-content-justification-space-between is-layout-flex wp-container-core-navigation-is-layout-3d213aab wp-block-navigation-is-layout-flex\" aria-label=\"Navigationsleiste\" \n\t\t data-wp-interactive=\"core\/navigation\" data-wp-context='{\"overlayOpenedBy\":{\"click\":false,\"hover\":false,\"focus\":false},\"type\":\"overlay\",\"roleAttribute\":\"\",\"ariaLabel\":\"Men\\u00fc\"}'><button aria-haspopup=\"dialog\" aria-label=\"Men\u00fc \u00f6ffnen\" class=\"wp-block-navigation__responsive-container-open\" \n\t\t\t\tdata-wp-on--click=\"actions.openMenuOnClick\"\n\t\t\t\tdata-wp-on--keydown=\"actions.handleMenuKeydown\"\n\t\t\t><svg width=\"24\" height=\"24\" xmlns=\"http:\/\/www.w3.org\/2000\/svg\" viewBox=\"0 0 24 24\" aria-hidden=\"true\" focusable=\"false\"><path d=\"M4 7.5h16v1.5H4z\"><\/path><path d=\"M4 15h16v1.5H4z\"><\/path><\/svg><\/button>\n\t\t\t\t<div class=\"wp-block-navigation__responsive-container\"  id=\"modal-1\" \n\t\t\t\tdata-wp-class--has-modal-open=\"state.isMenuOpen\"\n\t\t\t\tdata-wp-class--is-menu-open=\"state.isMenuOpen\"\n\t\t\t\tdata-wp-watch=\"callbacks.initMenu\"\n\t\t\t\tdata-wp-on--keydown=\"actions.handleMenuKeydown\"\n\t\t\t\tdata-wp-on--focusout=\"actions.handleMenuFocusout\"\n\t\t\t\ttabindex=\"-1\"\n\t\t\t>\n\t\t\t\t\t<div class=\"wp-block-navigation__responsive-close\" tabindex=\"-1\">\n\t\t\t\t\t\t<div class=\"wp-block-navigation__responsive-dialog\" \n\t\t\t\tdata-wp-bind--aria-modal=\"state.ariaModal\"\n\t\t\t\tdata-wp-bind--aria-label=\"state.ariaLabel\"\n\t\t\t\tdata-wp-bind--role=\"state.roleAttribute\"\n\t\t\t>\n\t\t\t\t\t\t\t<button aria-label=\"Men\u00fc schlie\u00dfen\" class=\"wp-block-navigation__responsive-container-close\" \n\t\t\t\tdata-wp-on--click=\"actions.closeMenuOnClick\"\n\t\t\t><svg xmlns=\"http:\/\/www.w3.org\/2000\/svg\" viewBox=\"0 0 24 24\" width=\"24\" height=\"24\" aria-hidden=\"true\" focusable=\"false\"><path d=\"m13.06 12 6.47-6.47-1.06-1.06L12 10.94 5.53 4.47 4.47 5.53 10.94 12l-6.47 6.47 1.06 1.06L12 13.06l6.47 6.47 1.06-1.06L13.06 12Z\"><\/path><\/svg><\/button>\n\t\t\t\t\t\t\t<div class=\"wp-block-navigation__responsive-container-content\" \n\t\t\t\tdata-wp-watch=\"callbacks.focusFirstElement\"\n\t\t\t id=\"modal-1-content\">\n\t\t\t\t\t\t\t\t\n<div class=\"wp-block-buttons is-layout-flex wp-block-buttons-is-layout-flex\">\n<div class=\"wp-block-button\"><a class=\"wp-block-button__link wp-element-button\" href=\"https:\/\/www.drk-bad-hoenningen.de\/\" title=\"\">Startseite<\/a><\/div>\n\n\n\n<div class=\"wp-block-button\"><a class=\"wp-block-button__link wp-element-button\" href=\"https:\/\/www.drk-bad-hoenningen.de\/?page_id=280\">Aktuelles<\/a><\/div>\n\n\n\n<div class=\"wp-block-button\"><a class=\"wp-block-button__link wp-element-button\" href=\"https:\/\/www.drk-bad-hoenningen.de\/?page_id=25\">Blutspende<\/a><\/div>\n\n\n\n<div class=\"wp-block-button\"><a class=\"wp-block-button__link wp-element-button\" href=\"https:\/\/www.drk-bad-hoenningen.de\/?page_id=243\">Vorstand<\/a><\/div>\n\n\n\n<div class=\"wp-block-button\"><a class=\"wp-block-button__link wp-element-button\" href=\"https:\/\/www.drk-bad-hoenningen.de\/?page_id=48\">Kleiderkammer<\/a><\/div>\n\n\n\n<div class=\"wp-block-button\"><a class=\"wp-block-button__link wp-element-button\" href=\"https:\/\/www.drk-bad-hoenningen.de\/?page_id=47\">Bereitschaft<\/a><\/div>\n<\/div>\n\n\t\t\t\t\t\t\t<\/div>\n\t\t\t\t\t\t<\/div>\n\t\t\t\t\t<\/div>\n\t\t\t\t<\/div><\/nav>\n\n\n<p><\/p>\n\n\n\n<p><\/p>\n\n\n\n<h3 class=\"wp-block-heading\">\u00d6ffnungszeit &#8211; Montags 13-17 Uhr<\/h3>\n\n\n\n<h3 class=\"wp-block-heading\">Diese Sachen k\u00f6nnen hier abgegeben werden<\/h3>\n\n\n\n<ul class=\"wp-block-list\">\n<li>Damen-, Herren- und Kinderbekleidung<\/li>\n\n\n\n<li>Haushaltsw\u00e4sche<\/li>\n\n\n\n<li>Schuhe und Stiefel<\/li>\n\n\n\n<li>Bettbezug \/ Bettw\u00e4sche<\/li>\n\n\n\n<li>Kinderspielsachen<\/li>\n\n\n\n<li>Maxi Cosi, Schultaschen<\/li>\n<\/ul>\n\n\n\n<h3 class=\"wp-block-heading\">Diese Sachen nehmen wir nicht an<\/h3>\n\n\n\n<ul class=\"wp-block-list\">\n<li>Elektroger\u00e4te aller Art<\/li>\n\n\n\n<li>Defekte Kleidung \/ Lumpen<\/li>\n\n\n\n<li>Geschirr \/ Porzellan<\/li>\n\n\n\n<li>Kissen und Bettdecken<\/li>\n\n\n\n<li>M\u00f6bel aller Art, Reisebetten f\u00fcr Kinder<\/li>\n\n\n\n<li>Pelze<\/li>\n\n\n\n<li>Fahrr\u00e4der \/ B\u00fccher \/ Zeitschriften<\/li>\n\n\n\n<li>Hygieneartikel (Windeln, Betteinlagen,\u2026)<\/li>\n<\/ul>\n\n\n\n<p><mark style=\"background-color:rgba(0, 0, 0, 0)\" class=\"has-inline-color has-primary-color\">Nur zeitgem\u00e4\u00dfe, guterhaltene Kleidung und Schuhe sind eine Kleiderspende!! Kaputte oder zerschlissene Textilien sind keine Unterst\u00fctzung; im Gegenteil: solche Textilien k\u00f6nnen nicht weitergegeben werden und mindern den Wert einer Sammlung. Letztlich sind sie eine gro\u00dfe Kostenbelastung f\u00fcr unsere Organisation.<\/mark><\/p>\n\n\n\n<figure class=\"wp-block-image size-large\"><img loading=\"lazy\" decoding=\"async\" width=\"1024\" height=\"576\" src=\"https:\/\/www.drk-bad-hoenningen.de\/wp-content\/uploads\/2025\/01\/2b4f36a9-e07e-4baf-872d-07c0e5fa8be6-1024x576.jpg\" alt=\"\" class=\"wp-image-143\" srcset=\"https:\/\/www.drk-bad-hoenningen.de\/wp-content\/uploads\/2025\/01\/2b4f36a9-e07e-4baf-872d-07c0e5fa8be6-1024x576.jpg 1024w, https:\/\/www.drk-bad-hoenningen.de\/wp-content\/uploads\/2025\/01\/2b4f36a9-e07e-4baf-872d-07c0e5fa8be6-300x169.jpg 300w, https:\/\/www.drk-bad-hoenningen.de\/wp-content\/uploads\/2025\/01\/2b4f36a9-e07e-4baf-872d-07c0e5fa8be6-768x432.jpg 768w, https:\/\/www.drk-bad-hoenningen.de\/wp-content\/uploads\/2025\/01\/2b4f36a9-e07e-4baf-872d-07c0e5fa8be6-1536x864.jpg 1536w, https:\/\/www.drk-bad-hoenningen.de\/wp-content\/uploads\/2025\/01\/2b4f36a9-e07e-4baf-872d-07c0e5fa8be6.jpg 1600w\" sizes=\"auto, (max-width: 1024px) 100vw, 1024px\" \/><\/figure>\n","protected":false},"excerpt":{"rendered":"<p>\u00d6ffnungszeit &#8211; Montags 13-17 Uhr Diese Sachen k\u00f6nnen hier abgegeben werden Diese Sachen nehmen wir nicht an Nur zeitgem\u00e4\u00dfe, guterhaltene Kleidung und Schuhe sind eine Kleiderspende!! Kaputte oder zerschlissene Textilien sind keine Unterst\u00fctzung; im Gegenteil: solche Textilien k\u00f6nnen nicht weitergegeben werden und mindern den Wert einer Sammlung. Letztlich sind sie eine gro\u00dfe Kostenbelastung f\u00fcr unsere &hellip; <a href=\"https:\/\/www.drk-bad-hoenningen.de\/?page_id=48\">Continued<\/a><\/p>\n","protected":false},"author":1,"featured_media":0,"parent":0,"menu_order":0,"comment_status":"closed","ping_status":"closed","template":"","meta":{"footnotes":""},"class_list":["post-48","page","type-page","status-publish","hentry"],"_links":{"self":[{"href":"https:\/\/www.drk-bad-hoenningen.de\/index.php?rest_route=\/wp\/v2\/pages\/48","targetHints":{"allow":["GET"]}}],"collection":[{"href":"https:\/\/www.drk-bad-hoenningen.de\/index.php?rest_route=\/wp\/v2\/pages"}],"about":[{"href":"https:\/\/www.drk-bad-hoenningen.de\/index.php?rest_route=\/wp\/v2\/types\/page"}],"author":[{"embeddable":true,"href":"https:\/\/www.drk-bad-hoenningen.de\/index.php?rest_route=\/wp\/v2\/users\/1"}],"replies":[{"embeddable":true,"href":"https:\/\/www.drk-bad-hoenningen.de\/index.php?rest_route=%2Fwp%2Fv2%2Fcomments&post=48"}],"version-history":[{"count":9,"href":"https:\/\/www.drk-bad-hoenningen.de\/index.php?rest_route=\/wp\/v2\/pages\/48\/revisions"}],"predecessor-version":[{"id":321,"href":"https:\/\/www.drk-bad-hoenningen.de\/index.php?rest_route=\/wp\/v2\/pages\/48\/revisions\/321"}],"wp:attachment":[{"href":"https:\/\/www.drk-bad-hoenningen.de\/index.php?rest_route=%2Fwp%2Fv2%2Fmedia&parent=48"}],"curies":[{"name":"wp","href":"https:\/\/api.w.org\/{rel}","templated":true}]}}